{"id":1142,"date":"2025-06-15T16:18:26","date_gmt":"2025-06-15T14:18:26","guid":{"rendered":"https:\/\/dev.quillet.fr\/?page_id=1142"},"modified":"2025-12-27T15:27:24","modified_gmt":"2025-12-27T14:27:24","slug":"mentionslegales","status":"publish","type":"page","link":"https:\/\/quillet.fr\/en\/mentionslegales\/","title":{"rendered":"Legal matters"},"content":{"rendered":"<div class=\"wpb-content-wrapper\"><div class=\"vc_row wpb_row vc_row-fluid\"><div class=\"wpb_column vc_column_container vc_col-sm-12\"><div class=\"vc_column-inner\"><div class=\"wpb_wrapper\"><h2 style=\"text-align: left;font-family:Abril Fatface;font-weight:400;font-style:normal\" class=\"vc_custom_heading vc_do_custom_heading\" >This is custom heading element<\/h2><\/div><\/div><\/div><\/div><div class=\"vc_row wpb_row vc_row-fluid\"><div class=\"wpb_column vc_column_container vc_col-sm-12\"><div class=\"vc_column-inner\"><div class=\"wpb_wrapper\">\n\t<div class=\"wpb_text_column wpb_content_element\" >\n\t\t<div class=\"wpb_wrapper\">\n\t\t\t<p>Conform\u00e9ment aux dispositions des articles 6-III et 19 de la\u00a0<strong>Loi n\u00b02004-575 du 21 juin 2004 pour la confiance dans l\u2019\u00e9conomie num\u00e9rique (LCEN)<\/strong>, nous portons \u00e0 la connaissance des utilisateurs du site les informations suivantes :<\/p>\n\n\t\t<\/div>\n\t<\/div>\n<div class=\"vc_row wpb_row vc_inner vc_row-fluid\"><div class=\"wpb_column vc_column_container vc_col-sm-6\"><div class=\"vc_column-inner\"><div class=\"wpb_wrapper\">\n\t<div class=\"wpb_text_column wpb_content_element\" >\n\t\t<div class=\"wpb_wrapper\">\n\t\t\t<h1>\u00c9diteur du site<\/h1>\n<ul>\n<li><strong>D\u00e9nomination sociale<\/strong> : Quillet SAS<\/li>\n<li><strong>Forme juridique<\/strong> : Soci\u00e9t\u00e9 par actions simplifi\u00e9e<\/li>\n<li><strong>Si\u00e8ge social<\/strong> : 7 chemin du corps de garde, 17111 Loix, France<\/li>\n<li><strong>SIRET<\/strong> : 398 500 033 00046<\/li>\n<li><strong>RCS<\/strong> : La Rochelle, immatricul\u00e9e le 12\/10\/1994<\/li>\n<li><strong>TVA intracommunautaire<\/strong> : FR40398500033<\/li>\n<li><strong>Directeur de publication<\/strong> : Lionel Quillet<\/li>\n<li><strong>Contact<\/strong> : atelier [at] quillet.fr \/ 05 46 29 04 25<\/li>\n<\/ul>\n\n\t\t<\/div>\n\t<\/div>\n<\/div><\/div><\/div><div class=\"wpb_column vc_column_container vc_col-sm-6\"><div class=\"vc_column-inner\"><div class=\"wpb_wrapper\">\n\t<div class=\"wpb_text_column wpb_content_element\" >\n\t\t<div class=\"wpb_wrapper\">\n\t\t\t<h1>H\u00e9bergeur<\/h1>\n<ul>\n<li><strong>H\u00e9bergeur<\/strong> : OVH<\/li>\n<li><strong>Si\u00e8ge social<\/strong> : 2 rue Kellermann, 59100 Roubaix, France<\/li>\n<li><strong>Site internet<\/strong> : <a href=\"https:\/\/www.ovhcloud.com\" target=\"_blank\" rel=\"noopener nofollow\">https:\/\/www.ovhcloud.com<\/a><\/li>\n<\/ul>\n\n\t\t<\/div>\n\t<\/div>\n<\/div><\/div><\/div><\/div>\n\t<div class=\"wpb_text_column wpb_content_element\" >\n\t\t<div class=\"wpb_wrapper\">\n\t\t\t<h1>Propri\u00e9t\u00e9 intellectuelle<\/h1>\n<p>L\u2019ensemble du contenu pr\u00e9sent sur ce site (textes, images, illustrations, logos, fichiers t\u00e9l\u00e9chargeables, etc.) est <strong>prot\u00e9g\u00e9 par le Code de la propri\u00e9t\u00e9 intellectuelle<\/strong>. Toute reproduction, repr\u00e9sentation, modification, publication, adaptation, totale ou partielle, des \u00e9l\u00e9ments du site, quel que soit le moyen ou le proc\u00e9d\u00e9 utilis\u00e9, est interdite, sauf autorisation \u00e9crite pr\u00e9alable de la soci\u00e9t\u00e9 Quillet SAS.<\/p>\n<p>Toute exploitation non autoris\u00e9e du site ou de l\u2019un quelconque des \u00e9l\u00e9ments qu\u2019il contient constitue une contrefa\u00e7on susceptible d\u2019engager la responsabilit\u00e9 civile et p\u00e9nale du contrefacteur.<\/p>\n\n\t\t<\/div>\n\t<\/div>\n<div class=\"vc_row wpb_row vc_inner vc_row-fluid\"><div class=\"wpb_column vc_column_container vc_col-sm-6\"><div class=\"vc_column-inner\"><div class=\"wpb_wrapper\">\n\t<div class=\"wpb_text_column wpb_content_element\" >\n\t\t<div class=\"wpb_wrapper\">\n\t\t\t<h1>Cr\u00e9dit photos<\/h1>\n<p>Aline N\u00e9d\u00e9lec, Fr\u00e9d\u00e9ric Rouer, Martin Charpentier, Yann Werdefroy, Atelier Quillet<\/p>\n\n\t\t<\/div>\n\t<\/div>\n<\/div><\/div><\/div><div class=\"wpb_column vc_column_container vc_col-sm-6\"><div class=\"vc_column-inner\"><div class=\"wpb_wrapper\">\n\t<div class=\"wpb_text_column wpb_content_element\" >\n\t\t<div class=\"wpb_wrapper\">\n\t\t\t<h1>Donn\u00e9es personnelles<\/h1>\n<p style=\"text-align: left;\">Nous vous engageons \u00e0 consulter notre <a href=\"https:\/\/quillet.fr\/politique-de-confidentialite\/\">page sp\u00e9cifique sur notre politique de confidentialit\u00e9<\/a>.<\/p>\n\n\t\t<\/div>\n\t<\/div>\n<\/div><\/div><\/div><\/div><\/div><\/div><\/div><\/div>\n<\/div>","protected":false},"excerpt":{"rendered":"This is custom heading element Conform\u00e9ment aux dispositions des articles 6-III et 19 de la\u00a0Loi n\u00b02004-575 du 21 juin 2004 pour la confiance dans l\u2019\u00e9conomie num\u00e9rique (LCEN), nous portons \u00e0 la connaissance des utilisateurs du site les informations suivantes : \u00c9diteur du site D\u00e9nomination sociale : Quillet SAS Forme juridique : Soci\u00e9t\u00e9 par actions simplifi\u00e9e [...]","protected":false},"author":1,"featured_media":0,"parent":0,"menu_order":0,"comment_status":"closed","ping_status":"closed","template":"","meta":{"footnotes":""},"class_list":["post-1142","page","type-page","status-publish","hentry"],"_links":{"self":[{"href":"https:\/\/quillet.fr\/en\/wp-json\/wp\/v2\/pages\/1142","targetHints":{"allow":["GET"]}}],"collection":[{"href":"https:\/\/quillet.fr\/en\/wp-json\/wp\/v2\/pages"}],"about":[{"href":"https:\/\/quillet.fr\/en\/wp-json\/wp\/v2\/types\/page"}],"author":[{"embeddable":true,"href":"https:\/\/quillet.fr\/en\/wp-json\/wp\/v2\/users\/1"}],"replies":[{"embeddable":true,"href":"https:\/\/quillet.fr\/en\/wp-json\/wp\/v2\/comments?post=1142"}],"version-history":[{"count":24,"href":"https:\/\/quillet.fr\/en\/wp-json\/wp\/v2\/pages\/1142\/revisions"}],"predecessor-version":[{"id":2291,"href":"https:\/\/quillet.fr\/en\/wp-json\/wp\/v2\/pages\/1142\/revisions\/2291"}],"wp:attachment":[{"href":"https:\/\/quillet.fr\/en\/wp-json\/wp\/v2\/media?parent=1142"}],"curies":[{"name":"wp","href":"https:\/\/api.w.org\/{rel}","templated":true}]}}