{"id":2,"date":"2025-05-31T13:50:25","date_gmt":"2025-05-31T11:50:25","guid":{"rendered":"http:\/\/dev.quillet.fr\/site\/?page_id=2"},"modified":"2025-12-27T15:26:45","modified_gmt":"2025-12-27T14:26:45","slug":"librairie","status":"publish","type":"page","link":"https:\/\/quillet.fr\/en\/librairie\/","title":{"rendered":"Librairie ancienne"},"content":{"rendered":"<div class=\"wpb-content-wrapper\"><div class=\"vc_row wpb_row vc_row-fluid\"><div class=\"wpb_column vc_column_container vc_col-sm-12\"><div class=\"vc_column-inner\"><div class=\"wpb_wrapper\"><h2 style=\"text-align: left;font-family:Abril Fatface;font-weight:400;font-style:normal\" class=\"vc_custom_heading vc_do_custom_heading\" >This is custom heading element<\/h2><h2 style=\"text-align: left;font-family:Abril Fatface;font-weight:400;font-style:normal\" class=\"vc_custom_heading vc_do_custom_heading\" >This is custom heading element<\/h2><\/div><\/div><\/div><\/div><div class=\"vc_row wpb_row vc_row-fluid\"><div class=\"wpb_column vc_column_container vc_col-sm-12\"><div class=\"vc_column-inner\"><div class=\"wpb_wrapper\"><h2 style=\"text-align: left;font-family:Abril Fatface;font-weight:400;font-style:normal\" class=\"vc_custom_heading vc_do_custom_heading\" >This is custom heading element<\/h2><div class=\"vc_row wpb_row vc_inner vc_row-fluid\"><div class=\"wpb_column vc_column_container vc_col-sm-3\"><div class=\"vc_column-inner\"><div class=\"wpb_wrapper\">\n\t<div  class=\"wpb_single_image wpb_content_element vc_align_center wpb_content_element\">\n\t\t\n\t\t<figure class=\"wpb_wrapper vc_figure\">\n\t\t\t<div class=\"vc_single_image-wrapper   vc_box_border_grey\"><img decoding=\"async\" class=\"vc_img-placeholder vc_single_image-img\" src=\"https:\/\/quillet.fr\/wp-content\/plugins\/uncode-js_composer\/assets\/vc\/no_image.png\" \/><\/div>\n\t\t<\/figure>\n\t<\/div>\n<\/div><\/div><\/div><div class=\"wpb_column vc_column_container vc_col-sm-3\"><div class=\"vc_column-inner\"><div class=\"wpb_wrapper\">\n\t<div  class=\"wpb_single_image wpb_content_element vc_align_center wpb_content_element\">\n\t\t\n\t\t<figure class=\"wpb_wrapper vc_figure\">\n\t\t\t<div class=\"vc_single_image-wrapper   vc_box_border_grey\"><img decoding=\"async\" class=\"vc_img-placeholder vc_single_image-img\" src=\"https:\/\/quillet.fr\/wp-content\/plugins\/uncode-js_composer\/assets\/vc\/no_image.png\" \/><\/div>\n\t\t<\/figure>\n\t<\/div>\n<\/div><\/div><\/div><div class=\"wpb_column vc_column_container vc_col-sm-3\"><div class=\"vc_column-inner\"><div class=\"wpb_wrapper\">\n\t<div  class=\"wpb_single_image wpb_content_element vc_align_center wpb_content_element\">\n\t\t\n\t\t<figure class=\"wpb_wrapper vc_figure\">\n\t\t\t<div class=\"vc_single_image-wrapper   vc_box_border_grey\"><img decoding=\"async\" class=\"vc_img-placeholder vc_single_image-img\" src=\"https:\/\/quillet.fr\/wp-content\/plugins\/uncode-js_composer\/assets\/vc\/no_image.png\" \/><\/div>\n\t\t<\/figure>\n\t<\/div>\n<\/div><\/div><\/div><div class=\"wpb_column vc_column_container vc_col-sm-3\"><div class=\"vc_column-inner\"><div class=\"wpb_wrapper\">\n\t<div  class=\"wpb_single_image wpb_content_element vc_align_center wpb_content_element\">\n\t\t\n\t\t<figure class=\"wpb_wrapper vc_figure\">\n\t\t\t<div class=\"vc_single_image-wrapper   vc_box_border_grey\"><img decoding=\"async\" class=\"vc_img-placeholder vc_single_image-img\" src=\"https:\/\/quillet.fr\/wp-content\/plugins\/uncode-js_composer\/assets\/vc\/no_image.png\" \/><\/div>\n\t\t<\/figure>\n\t<\/div>\n<\/div><\/div><\/div><\/div><\/div><\/div><\/div><\/div><div class=\"vc_row wpb_row vc_row-fluid\"><div class=\"wpb_column vc_column_container vc_col-sm-4\"><div class=\"vc_column-inner\"><div class=\"wpb_wrapper\">\n\t<div  class=\"wpb_single_image wpb_content_element vc_align_left wpb_content_element\">\n\t\t\n\t\t<figure class=\"wpb_wrapper vc_figure\">\n\t\t\t<div class=\"vc_single_image-wrapper   vc_box_border_grey\"><img decoding=\"async\" class=\"vc_img-placeholder vc_single_image-img\" src=\"https:\/\/quillet.fr\/wp-content\/plugins\/uncode-js_composer\/assets\/vc\/no_image.png\" \/><\/div>\n\t\t<\/figure>\n\t<\/div>\n<\/div><\/div><\/div><div class=\"wpb_column vc_column_container vc_col-sm-8\"><div class=\"vc_column-inner\"><div class=\"wpb_wrapper\"><h2 style=\"text-align: left;font-family:Abril Fatface;font-weight:400;font-style:normal\" class=\"vc_custom_heading vc_do_custom_heading\" >This is custom heading element<\/h2>\n\t<div class=\"wpb_text_column wpb_content_element\" >\n\t\t<div class=\"wpb_wrapper\">\n\t\t\t<p>La collection de livres anciens de la Librairie Quillet s\u2019\u00e9tend du XVIe si\u00e8cle \u00e0 nos jours, offrant une s\u00e9lection riche et vari\u00e9e de 30 000 ouvrages. Class\u00e9s de mani\u00e8re didactique et ordonn\u00e9e, les livres sont facilement accessibles, permettant de trouver rapidement ce que vous cherchez parmi une diversit\u00e9 de th\u00e8mes. Que l\u2019int\u00e9r\u00eat soit pour l\u2019histoire, la marine, les voyages, la litt\u00e9rature, les sciences, la nature ou bien d\u2019autres th\u00e8mes, il y a de quoi satisfaire toutes les passions.<\/p>\n<p>Ces livres d\u2019occasion sont soigneusement s\u00e9lectionn\u00e9s chez des particuliers \u00e0 travers toute la France, garantissant des trouvailles insolites dans les \u00e9tag\u00e8res. Avant d\u2019\u00eatre mis en vente, les livres sont nettoy\u00e9s, d\u00e9poussi\u00e9r\u00e9s, r\u00e9par\u00e9s et cir\u00e9s pour leur redonner une seconde vie. Gr\u00e2ce \u00e0 cette mise en beaut\u00e9 totale, les ouvrages pr\u00e9sentent un aspect neuf et sont en bon \u00e9tat, pr\u00eats \u00e0 \u00eatre red\u00e9couverts et appr\u00e9ci\u00e9s par de nouveaux lecteurs.<\/p>\n\n\t\t<\/div>\n\t<\/div>\n<button class=\"wpb_button  wpb_wpb_button wpb_regularsize\">Text on the button<\/button><\/div><\/div><\/div><\/div><div class=\"vc_row wpb_row vc_row-fluid\"><div class=\"wpb_column vc_column_container vc_col-sm-8\"><div class=\"vc_column-inner\"><div class=\"wpb_wrapper\"><h2 style=\"text-align: left;font-family:Abril Fatface;font-weight:400;font-style:normal\" class=\"vc_custom_heading vc_do_custom_heading\" >This is custom heading element<\/h2>\n\t<div class=\"wpb_text_column wpb_content_element\" >\n\t\t<div class=\"wpb_wrapper\">\n\t\t\t<p>La Librairie Quillet se distingue par une collection remarquable de bandes dessin\u00e9es, englobant aussi bien des BD anciennes de collection que des \u0153uvres contemporaines, des romans graphiques, des comics et des mangas. Que l\u2019on cherche une s\u00e9rie compl\u00e8te ou un volume unique, chaque amateur y trouvera son bonheur.<\/p>\n<p>Avec un stock impressionnant de 50 000 bandes dessin\u00e9es, dont 20 000 soigneusement expos\u00e9es, la diversit\u00e9 et la richesse de cette collection sont incontestables. Les prix, majoritairement compris entre 6 et 8 euros, peuvent cependant s\u2019\u00e9lever jusqu\u2019\u00e0 6000 euros pour les pi\u00e8ces rares et de collection.<\/p>\n<p>Parmi les \u0153uvres les plus recherch\u00e9es figurent les incontournables classiques comme Ast\u00e9rix et Tintin, id\u00e9ales pour les amateurs de bandes dessin\u00e9es traditionnelles. Pour les collectionneurs, des pi\u00e8ces rares et pr\u00e9cieuses sign\u00e9es Moebius, Bilal, Jij\u00e9 et Sattouf constituent des s\u00e9ries de bandes-dessin\u00e9es pr\u00e9cieuses.<\/p>\n\n\t\t<\/div>\n\t<\/div>\n<\/div><\/div><\/div><div class=\"wpb_column vc_column_container vc_col-sm-4\"><div class=\"vc_column-inner\"><div class=\"wpb_wrapper\">\n\t<div  class=\"wpb_single_image wpb_content_element vc_align_left wpb_content_element\">\n\t\t\n\t\t<figure class=\"wpb_wrapper vc_figure\">\n\t\t\t<div class=\"vc_single_image-wrapper   vc_box_border_grey\"><img decoding=\"async\" class=\"vc_img-placeholder vc_single_image-img\" src=\"https:\/\/quillet.fr\/wp-content\/plugins\/uncode-js_composer\/assets\/vc\/no_image.png\" \/><\/div>\n\t\t<\/figure>\n\t<\/div>\n<\/div><\/div><\/div><\/div><div class=\"vc_row wpb_row vc_row-fluid\"><div class=\"wpb_column vc_column_container vc_col-sm-12\"><div class=\"vc_column-inner\"><div class=\"wpb_wrapper\"><h2 style=\"text-align: left;font-family:Abril Fatface;font-weight:400;font-style:normal\" class=\"vc_custom_heading vc_do_custom_heading\" >This is custom heading element<\/h2><div class=\"vc_row wpb_row vc_inner vc_row-fluid\"><div class=\"wpb_column vc_column_container vc_col-sm-4\"><div class=\"vc_column-inner\"><div class=\"wpb_wrapper\">\n\t<div  class=\"wpb_single_image wpb_content_element vc_align_left wpb_content_element\">\n\t\t\n\t\t<figure class=\"wpb_wrapper vc_figure\">\n\t\t\t<div class=\"vc_single_image-wrapper   vc_box_border_grey\"><img decoding=\"async\" class=\"vc_img-placeholder vc_single_image-img\" src=\"https:\/\/quillet.fr\/wp-content\/plugins\/uncode-js_composer\/assets\/vc\/no_image.png\" \/><\/div>\n\t\t<\/figure>\n\t<\/div>\n<h2 style=\"text-align: left;font-family:Abril Fatface;font-weight:400;font-style:normal\" class=\"vc_custom_heading vc_do_custom_heading\" >This is custom heading element<\/h2><\/div><\/div><\/div><div class=\"wpb_column vc_column_container vc_col-sm-4\"><div class=\"vc_column-inner\"><div class=\"wpb_wrapper\">\n\t<div  class=\"wpb_single_image wpb_content_element vc_align_left wpb_content_element\">\n\t\t\n\t\t<figure class=\"wpb_wrapper vc_figure\">\n\t\t\t<div class=\"vc_single_image-wrapper   vc_box_border_grey\"><img decoding=\"async\" class=\"vc_img-placeholder vc_single_image-img\" src=\"https:\/\/quillet.fr\/wp-content\/plugins\/uncode-js_composer\/assets\/vc\/no_image.png\" \/><\/div>\n\t\t<\/figure>\n\t<\/div>\n<h2 style=\"text-align: left;font-family:Abril Fatface;font-weight:400;font-style:normal\" class=\"vc_custom_heading vc_do_custom_heading\" >This is custom heading element<\/h2><h2 style=\"text-align: left;font-family:Abril Fatface;font-weight:400;font-style:normal\" class=\"vc_custom_heading vc_do_custom_heading\" >This is custom heading element<\/h2><button class=\"wpb_button  wpb_wpb_button wpb_regularsize\">Text on the button<\/button><\/div><\/div><\/div><div class=\"wpb_column vc_column_container vc_col-sm-4\"><div class=\"vc_column-inner\"><div class=\"wpb_wrapper\">\n\t<div  class=\"wpb_single_image wpb_content_element vc_align_left wpb_content_element\">\n\t\t\n\t\t<figure class=\"wpb_wrapper vc_figure\">\n\t\t\t<div class=\"vc_single_image-wrapper   vc_box_border_grey\"><img decoding=\"async\" class=\"vc_img-placeholder vc_single_image-img\" src=\"https:\/\/quillet.fr\/wp-content\/plugins\/uncode-js_composer\/assets\/vc\/no_image.png\" \/><\/div>\n\t\t<\/figure>\n\t<\/div>\n<h2 style=\"text-align: left;font-family:Abril Fatface;font-weight:400;font-style:normal\" class=\"vc_custom_heading vc_do_custom_heading\" >This is custom heading element<\/h2><h2 style=\"text-align: left;font-family:Abril Fatface;font-weight:400;font-style:normal\" class=\"vc_custom_heading vc_do_custom_heading\" >This is custom heading element<\/h2>\n\t<div class=\"wpb_text_column wpb_content_element\" >\n\t\t<div class=\"wpb_wrapper\">\n\t\t\t<p><strong>Venez d\u00e9couvrir cette collection d\u00e8s aujourd\u2019hui \u00e0 la Librairie Quillet et laissez-vous tenter par un morceau d\u2019histoire du cin\u00e9ma \u00e0 emporter chez vous.<\/strong><\/p>\n\n\t\t<\/div>\n\t<\/div>\n<\/div><\/div><\/div><\/div><\/div><\/div><\/div><\/div><div class=\"vc_row wpb_row vc_row-fluid\"><div class=\"wpb_column vc_column_container vc_col-sm-4\"><div class=\"vc_column-inner\"><div class=\"wpb_wrapper\"><div class=\"wpb_gallery wpb_content_element vc_clearfix wpb_content_element\" id=\"gallery-12345678901\"><div class=\"wpb_wrapper\"><div class=\"wpb_gallery_slidescarousel\" data-interval=\"3\"><a class=\"\" href=\"https:\/\/quillet.fr\/wp-content\/plugins\/uncode-js_composer\/assets\/vc\/no_image.png\" data-lightbox=\"lightbox[rel-2-1238163978]\"><img decoding=\"async\" src=\"https:\/\/quillet.fr\/wp-content\/plugins\/uncode-js_composer\/assets\/vc\/no_image.png\" loading=\"lazy\" \/><\/a><a class=\"\" href=\"https:\/\/quillet.fr\/wp-content\/plugins\/uncode-js_composer\/assets\/vc\/no_image.png\" data-lightbox=\"lightbox[rel-2-1238163978]\"><img decoding=\"async\" src=\"https:\/\/quillet.fr\/wp-content\/plugins\/uncode-js_composer\/assets\/vc\/no_image.png\" loading=\"lazy\" \/><\/a><a class=\"\" href=\"https:\/\/quillet.fr\/wp-content\/plugins\/uncode-js_composer\/assets\/vc\/no_image.png\" data-lightbox=\"lightbox[rel-2-1238163978]\"><img decoding=\"async\" src=\"https:\/\/quillet.fr\/wp-content\/plugins\/uncode-js_composer\/assets\/vc\/no_image.png\" loading=\"lazy\" \/><\/a><\/div><\/div><\/div>[uncode_carousel_nav skin=\u00a0\u00bbdark\u00a0\u00bb position=\u00a0\u00bbabsolute\u00a0\u00bb padding=\u00a0\u00bb0&Prime; h_align=\u00a0\u00bbcenter\u00a0\u00bb arrows_skin=\u00a0\u00bbdark\u00a0\u00bb arrows_position=\u00a0\u00bbel_absolute\u00a0\u00bb arrows_v_align=\u00a0\u00bbmiddle\u00a0\u00bb arrows_padding=\u00a0\u00bb2&Prime; arrow_style=\u00a0\u00bbround\u00a0\u00bb arrow_bg_size=\u00a0\u00bbsm\u00a0\u00bb icon=\u00a0\u00bbfa fa-arrow-right2&Prime; dots_look=\u00a0\u00bbraw\u00a0\u00bb hide_counter=\u00a0\u00bbyes\u00a0\u00bb uncode_shortcode_id=\u00a0\u00bb996370&Prime;]<\/div><\/div><\/div><div class=\"wpb_column vc_column_container vc_col-sm-8\"><div class=\"vc_column-inner\"><div class=\"wpb_wrapper\"><h2 style=\"text-align: left;font-family:Abril Fatface;font-weight:400;font-style:normal\" class=\"vc_custom_heading vc_do_custom_heading\" >This is custom heading element<\/h2>\n\t<div class=\"wpb_text_column wpb_content_element\" >\n\t\t<div class=\"wpb_wrapper\">\n\t\t\t<p><strong>Un lieu vivant, insolite et inspirant, o\u00f9 les mots r\u00e9sonnent autant dans les pages que dans les voix.<\/strong><\/p>\n<p>Nich\u00e9 au c\u0153ur de la Librairie Quillet, le caf\u00e9 litt\u00e9raire est une v\u00e9ritable surprise, un lieu \u00e0 la fois surprenant et chaleureux, o\u00f9 le temps semble suspendu. Entre les rayonnages charg\u00e9s d\u2019histoires et de savoirs, il invite \u00e0 la d\u00e9tente autour d\u2019un caf\u00e9, d\u2019un th\u00e9 ou d\u2019un soda rafra\u00eechissant.<\/p>\n<p>C\u2019est l\u2019endroit id\u00e9al pour une pause gourmande, seul avec un livre ou entre amis, dans une ambiance feutr\u00e9e et accueillante. Mais le caf\u00e9 litt\u00e9raire ne s\u2019arr\u00eate pas l\u00e0. En soir\u00e9e, l\u2019espace se transforme et s\u2019anime au rythme des rendez-vous culturels : ap\u00e9ro-concerts, conf\u00e9rences, lectures, repr\u00e9sentations th\u00e9\u00e2trales\u2026 Chaque \u00e9v\u00e9nement est une invitation \u00e0 la d\u00e9couverte, au partage et \u00e0 l\u2019\u00e9vasion.<\/p>\n\n\t\t<\/div>\n\t<\/div>\n<\/div><\/div><\/div><\/div>\n<\/div>","protected":false},"excerpt":{"rendered":"This is custom heading elementThis is custom heading elementThis is custom heading element This is custom heading element La collection de livres anciens de la Librairie Quillet s\u2019\u00e9tend du XVIe si\u00e8cle \u00e0 nos jours, offrant une s\u00e9lection riche et vari\u00e9e de 30 000 ouvrages. Class\u00e9s de mani\u00e8re didactique et ordonn\u00e9e, les livres sont facilement accessibles, [...]","protected":false},"author":1,"featured_media":0,"parent":0,"menu_order":0,"comment_status":"closed","ping_status":"closed","template":"","meta":{"footnotes":""},"class_list":["post-2","page","type-page","status-publish","hentry"],"_links":{"self":[{"href":"https:\/\/quillet.fr\/en\/wp-json\/wp\/v2\/pages\/2","targetHints":{"allow":["GET"]}}],"collection":[{"href":"https:\/\/quillet.fr\/en\/wp-json\/wp\/v2\/pages"}],"about":[{"href":"https:\/\/quillet.fr\/en\/wp-json\/wp\/v2\/types\/page"}],"author":[{"embeddable":true,"href":"https:\/\/quillet.fr\/en\/wp-json\/wp\/v2\/users\/1"}],"replies":[{"embeddable":true,"href":"https:\/\/quillet.fr\/en\/wp-json\/wp\/v2\/comments?post=2"}],"version-history":[{"count":51,"href":"https:\/\/quillet.fr\/en\/wp-json\/wp\/v2\/pages\/2\/revisions"}],"predecessor-version":[{"id":2330,"href":"https:\/\/quillet.fr\/en\/wp-json\/wp\/v2\/pages\/2\/revisions\/2330"}],"wp:attachment":[{"href":"https:\/\/quillet.fr\/en\/wp-json\/wp\/v2\/media?parent=2"}],"curies":[{"name":"wp","href":"https:\/\/api.w.org\/{rel}","templated":true}]}}