{"id":608,"date":"2025-05-31T14:23:20","date_gmt":"2025-05-31T12:23:20","guid":{"rendered":"http:\/\/dev.quillet.fr\/site\/about\/"},"modified":"2026-04-17T16:04:03","modified_gmt":"2026-04-17T14:04:03","slug":"apropos","status":"publish","type":"page","link":"https:\/\/quillet.fr\/en\/apropos\/","title":{"rendered":"A propos"},"content":{"rendered":"<div class=\"wpb-content-wrapper\">[vc_row row_height_percent=\u00a0\u00bb100&Prime; override_padding=\u00a0\u00bbyes\u00a0\u00bb h_padding=\u00a0\u00bb2&Prime; top_padding=\u00a0\u00bb2&Prime; bottom_padding=\u00a0\u00bb2&Prime; back_image=\u00a0\u00bb3988&Prime; overlay_color=\u00a0\u00bbcolor-jevc\u00a0\u00bb overlay_alpha=\u00a0\u00bb40&Prime; gutter_size=\u00a0\u00bb3&Prime; column_width_percent=\u00a0\u00bb100&Prime; shift_y=\u00a0\u00bb0&Prime; z_index=\u00a0\u00bb0&Prime; content_parallax=\u00a0\u00bb0&Prime; uncode_shortcode_id=\u00a0\u00bb958872&Prime; overlay_color_type=\u00a0\u00bbuncode-palette\u00a0\u00bb][vc_column column_width_percent=\u00a0\u00bb100&Prime; position_vertical=\u00a0\u00bbmiddle\u00a0\u00bb align_horizontal=\u00a0\u00bbalign_center\u00a0\u00bb gutter_size=\u00a0\u00bb4&Prime; style=\u00a0\u00bbdark\u00a0\u00bb overlay_alpha=\u00a0\u00bb50&Prime; shift_x=\u00a0\u00bb0&Prime; shift_y=\u00a0\u00bb0&Prime; shift_y_down=\u00a0\u00bb0&Prime; z_index=\u00a0\u00bb0&Prime; medium_width=\u00a0\u00bb0&Prime; mobile_width=\u00a0\u00bb0&Prime; width=\u00a0\u00bb1\/1&Prime; uncode_shortcode_id=\u00a0\u00bb824649&Prime;][vc_custom_heading heading_semantic=\u00a0\u00bbh1&Prime; text_size=\u00a0\u00bbh1&Prime; uncode_shortcode_id=\u00a0\u00bb235572&Prime;]\r\n<h1>Librairie et Atelier Quillet : une histoire familiale de patrimoine et d\u2019excellence<\/h1>\r\n<p>[\/vc_custom_heading][\/vc_column][\/vc_row][vc_row row_height_percent=\u00a0\u00bb0&Prime; back_color=\u00a0\u00bbcolor-193934&Prime; overlay_alpha=\u00a0\u00bb50&Prime; gutter_size=\u00a0\u00bb3&Prime; column_width_percent=\u00a0\u00bb100&Prime; shift_y=\u00a0\u00bb0&Prime; z_index=\u00a0\u00bb0&Prime; content_parallax=\u00a0\u00bb0&Prime; uncode_shortcode_id=\u00a0\u00bb192929&Prime; back_color_type=\u00a0\u00bbuncode-palette\u00a0\u00bb][vc_column width=\u00a0\u00bb1\/1&Prime;][vc_custom_heading uncode_shortcode_id=\u00a0\u00bb242408&Prime;]Qui est Lionel Quillet ?[\/vc_custom_heading][vc_single_image media=\u00a0\u00bb20&Prime; media_width_percent=\u00a0\u00bb30&Prime; alignment=\u00a0\u00bbcenter\u00a0\u00bb uncode_shortcode_id=\u00a0\u00bb706987&Prime;][vc_column_text uncode_shortcode_id=\u00a0\u00bb752737&Prime;]Lionel Quillet est le fondateur et dirigeant de l&rsquo;Atelier Quillet, une entreprise reconnue pour son expertise dans la restauration et la conservation de documents anciens et d&rsquo;\u0153uvres d&rsquo;art. Situ\u00e9 \u00e0 Loix sur l&rsquo;\u00eele de R\u00e9, l&rsquo;Atelier Quillet se distingue par ses comp\u00e9tences en reliure, restauration de livres et d&rsquo;affiches, encadrement et a obtenu le prestigieux label \u00ab\u00a0Entreprise du Patrimoine Vivant\u00a0\u00bb, qui r\u00e9compense les savoir-faire artisanaux d&rsquo;excellence.<\/p>\r\n<p>\r\n\r\nPassionn\u00e9 par la pr\u00e9servation du patrimoine culturel, Lionel Quillet s\u2019engage activement \u00e0 promouvoir et sauvegarder les traditions artisanales fran\u00e7aises. Il s\u2019engage aussi \u00e0 offrir des services de haute qualit\u00e9 aux archives, biblioth\u00e8ques, mus\u00e9es et particuliers.<\/p>\r\n<p><!-- \/wp:paragraph -->\r\n\r\n<!-- wp:paragraph {\"placeholder\":\"Contenu\u2026\"} -->Gr\u00e2ce \u00e0 sa passion et sa combativit\u00e9, Lionel Quillet continue d&rsquo;inspirer et de transmettre ses connaissances du livre et de l&rsquo;affiche aux g\u00e9n\u00e9rations futures, consolidant ainsi l&rsquo;importance de pr\u00e9server notre h\u00e9ritage culturel. Son engagement lui a valu d&rsquo;\u00eatre promu au grade de Chevalier dans l\u2019ordre de la L\u00e9gion d\u2019honneur par le Minist\u00e8re de la Culture le 14 juillet 2024.[\/vc_column_text][\/vc_column][\/vc_row][vc_row unlock_row_content=\u00a0\u00bbyes\u00a0\u00bb row_height_percent=\u00a0\u00bb0&Prime; override_padding=\u00a0\u00bbyes\u00a0\u00bb h_padding=\u00a0\u00bb0&Prime; top_padding=\u00a0\u00bb0&Prime; bottom_padding=\u00a0\u00bb0&Prime; overlay_alpha=\u00a0\u00bb100&Prime; gutter_size=\u00a0\u00bb100&Prime; column_width_percent=\u00a0\u00bb100&Prime; shift_y=\u00a0\u00bb0&Prime; z_index=\u00a0\u00bb0&Prime; style=\u00a0\u00bbinherited\u00a0\u00bb][vc_column column_width_percent=\u00a0\u00bb100&Prime; align_horizontal=\u00a0\u00bbalign_center\u00a0\u00bb gutter_size=\u00a0\u00bb3&Prime; overlay_alpha=\u00a0\u00bb50&Prime; shift_x=\u00a0\u00bb0&Prime; shift_y=\u00a0\u00bb0&Prime; medium_width=\u00a0\u00bb0&Prime; zoom_width=\u00a0\u00bb0&Prime; zoom_height=\u00a0\u00bb0&Prime; width=\u00a0\u00bb1\/1&Prime;][vc_gallery el_id=\u00a0\u00bbgallery-958453445&Prime; type=\u00a0\u00bbcarousel\u00a0\u00bb medias=\u00a0\u00bb1091,883,1258,976,1092,13,16,1097,958,965,773&Prime; carousel_lg=\u00a0\u00bb5&Prime; carousel_md=\u00a0\u00bb3&Prime; carousel_sm=\u00a0\u00bb1&Prime; thumb_size=\u00a0\u00bbone-one\u00a0\u00bb gutter_size=\u00a0\u00bb1&Prime; media_items=\u00a0\u00bbmedia|nolink|original,icon\u00a0\u00bb carousel_interval=\u00a0\u00bb3000&Prime; carousel_navspeed=\u00a0\u00bb400&Prime; carousel_loop=\u00a0\u00bbyes\u00a0\u00bb carousel_dots=\u00a0\u00bbyes\u00a0\u00bb carousel_dots_mobile=\u00a0\u00bbyes\u00a0\u00bb carousel_dots_inside=\u00a0\u00bbyes\u00a0\u00bb carousel_dot_padding=\u00a0\u00bb2&Prime; stage_padding=\u00a0\u00bb0&Prime; single_overlay_opacity=\u00a0\u00bb50&Prime; single_text_anim_type=\u00a0\u00bbbtt\u00a0\u00bb single_h_align=\u00a0\u00bbcenter\u00a0\u00bb single_padding=\u00a0\u00bb2&Prime; single_icon=\u00a0\u00bbfa fa-search3&Prime; single_border=\u00a0\u00bbyes\u00a0\u00bb single_css_animation=\u00a0\u00bbbottom-t-top\u00a0\u00bb single_animation_delay=\u00a0\u00bb200&Prime; lbox_caption=\u00a0\u00bbyes\u00a0\u00bb no_double_tap=\u00a0\u00bbyes\u00a0\u00bb carousel_rtl=\u00a0\u00bb\u00a0\u00bb single_title_uppercase=\u00a0\u00bb\u00a0\u00bb single_title_bold=\u00a0\u00bb\u00a0\u00bb single_title_serif=\u00a0\u00bb\u00a0\u00bb onclick=\u00a0\u00bblink_image\u00a0\u00bb custom_links_target=\u00a0\u00bb_self\u00a0\u00bb items=\u00a0\u00bbeyI4ODY4X2kiOnsic2luZ2xlX3dpZHRoIjoiNCIsInNpbmdsZV9oZWlnaHQiOiI0In0sIjg4NjJfaSI6eyJzaW5nbGVfd2lkdGgiOiI0Iiwic2luZ2xlX2hlaWdodCI6IjQifSwiODg2MF9pIjp7InNpbmdsZV93aWR0aCI6IjQifX0=\u00a0\u00bb single_half_padding=\u00a0\u00bb\u00a0\u00bb single_no_background=\u00a0\u00bb\u00a0\u00bb uncode_shortcode_id=\u00a0\u00bb187548&Prime;][\/vc_column][\/vc_row][vc_row][vc_column width=\u00a0\u00bb1\/1&Prime;][vc_custom_heading uncode_shortcode_id=\u00a0\u00bb224870&Prime;]L&rsquo;histoire de l&rsquo;Atelier Quillet depuis 1987[\/vc_custom_heading][vc_column_text uncode_shortcode_id=\u00a0\u00bb138647&Prime;]\r\n<ul>\r\n<li>1987 : fondation de la Librairie Quillet, premier \u00e9tablissement sur le port de Saint Martin, Lionel Quillet y pr\u00e9sente quelques centaines d\u2019ouvrages et continue \u00e0 pratiquer la restauration de reliure et d\u2019affiches pour les particuliers.<\/li>\r\n<li>1993\u00a0 : cr\u00e9ation de l\u2019Atelier de restauration \u00e0 l\u2019entr\u00e9e du village de Loix, sp\u00e9cialis\u00e9 dans la restauration d\u2019affiches et l\u2019entoilage.<\/li>\r\n<li>1995 : arriv\u00e9e de Nadine Jaunet \u00e0 la Direction de l\u2019Atelier et cr\u00e9ation du p\u00f4le de restauration corps d\u2019ouvrages<\/li>\r\n<li>1996\u00a0 : cr\u00e9ation du p\u00f4le reliure et dorure.<\/li>\r\n<li>2003 : 40 salari\u00e9s \u0153uvrent dans les Ateliers et 500 clients font confiance \u00e0 l\u2019entreprise (Archives, Biblioth\u00e8ques, Mus\u00e9es et Particuliers).<\/li>\r\n<li>2004 : restauration du manuscrit du G\u00e9n\u00e9ral de Gaulle \u00ab\u00a0Appel du 18 Juin\u00a0\u00bb (commande du mus\u00e9e de l\u2019Ordre et de la Lib\u00e9ration), remise Prix National de la \u00ab\u00a0Dynamique Artisanale\u00a0\u00bb<\/li>\r\n<li>2007 : Labellisation \u00ab\u00a0Entreprise du Patrimoine Vivant\u00a0\u00bb<\/li>\r\n<li>2008 : inauguration des locaux dans le Village Artisanal de Loix, fusion de l\u2019ensemble des activit\u00e9s.<\/li>\r\n<li>2010 : ouverture des visites guid\u00e9es de l\u2019Atelier Quillet.<\/li>\r\n<li>2020 : cr\u00e9ation de la salle des Bandes Dessin\u00e9es.<\/li>\r\n<li>2022 : Arriv\u00e9e d\u2019Olivier Quillet et de sa compagne Juliette Merlaud \u00e0 la librairie<\/li>\r\n<li>2022 : agrandissement de la Librairie, avec deux nouvelles salles de livres, la cr\u00e9ation de la salle affiches et du caf\u00e9.<\/li>\r\n<li>2022 : premi\u00e8res expositions avec les \u0153uvres d\u2019Alex Varenne (illustrateur de BD \u00e9rotiques) au printemps, puis Marine Le Breton (artiste cartographe) \u00e0 l\u2019\u00e9t\u00e9.<\/li>\r\n<li>2023 : exposition \u00ab\u00a0Bernard Villemot, le plus peintre des affichistes\u00a0\u00bb, d\u00e9but de la collaboration avec la famille Villemot pour repr\u00e9senter leur fond.<\/li>\r\n<li>2024 : cr\u00e9ation du p\u00f4le encadrement sur mesure.<\/li>\r\n<li>2024 : Lionel Quillet est promu au grade de Chevalier dans l\u2019ordre de la L\u00e9gion d\u2019Honneur par le Minist\u00e8re de la Culture.<\/li>\r\n<li>2026 :\u00a0 cr\u00e9ation du jardin et ouverture de la boutique en ligne.<\/li>\r\n<li>2027 : F\u00eate des 40 ans de l\u2019Entreprise.<\/li>\r\n<\/ul>\r\n<p>L\u2019Atelier Quillet s\u2019est rapidement impos\u00e9 comme une r\u00e9f\u00e9rence nationale dans le domaine de la conservation, de la restauration et de la reliure de documents anciens. Ses \u00e9quipes, mettent chaque jour un point d\u2019honneur \u00e0 offrir un service de qualit\u00e9 en restauration et en reliure et \u00e0 partager leur passion.<\/p>\r\n<p>Port\u00e9e par Lionel Quillet et une \u00e9quipe de quatre libraires, la Librairie Quillet n\u2019a de cesse d\u2019\u00e9voluer et de continuer \u00e0 faire vivre ce lieu \u00e0 l\u2019ann\u00e9e. Anim\u00e9e par diff\u00e9rentes passions mais le m\u00eame amour du livre et du partage culturel, cette \u00e9quipe atypique n\u2019est pas \u00e0 court d\u2019id\u00e9es.<\/p>\r\n<p>[\/vc_column_text][\/vc_column][\/vc_row][vc_row row_height_percent=\u00a0\u00bb100&Prime; overlay_alpha=\u00a0\u00bb50&Prime; gutter_size=\u00a0\u00bb3&Prime; column_width_percent=\u00a0\u00bb100&Prime; shift_y=\u00a0\u00bb0&Prime; z_index=\u00a0\u00bb0&Prime; content_parallax=\u00a0\u00bb0&Prime; uncode_shortcode_id=\u00a0\u00bb462149&Prime;][vc_column width=\u00a0\u00bb1\/1&Prime;][vc_custom_heading heading_semantic=\u00a0\u00bbh3&Prime; text_size=\u00a0\u00bbh3&Prime; uncode_shortcode_id=\u00a0\u00bb143860&Prime;]D\u00e9couvrez la Librairie Quillet \u00e0 travers une vid\u00e9o exclusive r\u00e9alis\u00e9e par Destination \u00cele de R\u00e9 :<\/p>\r\n<p>[\/vc_custom_heading][vc_raw_html]JTNDaWZyYW1lJTIwd2lkdGglM0QlMjIxMDAlMjUlMjIlMjBoZWlnaHQlM0QlMjI3MDBweCUyMiUyMHNyYyUzRCUyMmh0dHBzJTNBJTJGJTJGd3d3LnlvdXR1YmUuY29tJTJGZW1iZWQlMkY4ekZsejNEZzF4OCUzRnNpJTNEWUQxSm1FdU5vckdoTFp1eSUyMiUyMHRpdGxlJTNEJTIyWW91VHViZSUyMHZpZGVvJTIwcGxheWVyJTIyJTIwZnJhbWVib3JkZXIlM0QlMjIwJTIyJTIwYWxsb3clM0QlMjJhY2NlbGVyb21ldGVyJTNCJTIwYXV0b3BsYXklM0IlMjBjbGlwYm9hcmQtd3JpdGUlM0IlMjBlbmNyeXB0ZWQtbWVkaWElM0IlMjBneXJvc2NvcGUlM0IlMjBwaWN0dXJlLWluLXBpY3R1cmUlM0IlMjB3ZWItc2hhcmUlMjIlMjByZWZlcnJlcnBvbGljeSUzRCUyMnN0cmljdC1vcmlnaW4td2hlbi1jcm9zcy1vcmlnaW4lMjIlMjBhbGxvd2Z1bGxzY3JlZW4lM0UlM0MlMkZpZnJhbWUlM0U=[\/vc_raw_html][\/vc_column][\/vc_row][vc_row][vc_column width=\u00a0\u00bb1\/1&Prime;][\/vc_column][\/vc_row]<\/p><\/div>","protected":false},"excerpt":{"rendered":"<p>[vc_row row_height_percent=\u00a0\u00bb100&Prime; override_padding=\u00a0\u00bbyes\u00a0\u00bb h_padding=\u00a0\u00bb2&Prime; top_padding=\u00a0\u00bb2&Prime; bottom_padding=\u00a0\u00bb2&Prime; back_image=\u00a0\u00bb3988&Prime; overlay_color=\u00a0\u00bbcolor-jevc\u00a0\u00bb overlay_alpha=\u00a0\u00bb40&Prime; gutter_size=\u00a0\u00bb3&Prime; column_width_percent=\u00a0\u00bb100&Prime; shift_y=\u00a0\u00bb0&Prime; z_index=\u00a0\u00bb0&Prime; content_parallax=\u00a0\u00bb0&Prime; uncode_shortcode_id=\u00a0\u00bb958872&Prime; overlay_color_type=\u00a0\u00bbuncode-palette\u00a0\u00bb][vc_column column_width_percent=\u00a0\u00bb100&Prime; position_vertical=\u00a0\u00bbmiddle\u00a0\u00bb align_horizontal=\u00a0\u00bbalign_center\u00a0\u00bb gutter_size=\u00a0\u00bb4&Prime; [&hellip;]<\/p>\n","protected":false},"author":1,"featured_media":0,"parent":0,"menu_order":0,"comment_status":"closed","ping_status":"closed","template":"","meta":{"footnotes":""},"class_list":["post-608","page","type-page","status-publish","hentry","page_category-vitrine"],"_links":{"self":[{"href":"https:\/\/quillet.fr\/wp-json\/wp\/v2\/pages\/608","targetHints":{"allow":["GET"]}}],"collection":[{"href":"https:\/\/quillet.fr\/wp-json\/wp\/v2\/pages"}],"about":[{"href":"https:\/\/quillet.fr\/wp-json\/wp\/v2\/types\/page"}],"author":[{"embeddable":true,"href":"https:\/\/quillet.fr\/wp-json\/wp\/v2\/users\/1"}],"replies":[{"embeddable":true,"href":"https:\/\/quillet.fr\/wp-json\/wp\/v2\/comments?post=608"}],"version-history":[{"count":7,"href":"https:\/\/quillet.fr\/wp-json\/wp\/v2\/pages\/608\/revisions"}],"predecessor-version":[{"id":4052,"href":"https:\/\/quillet.fr\/wp-json\/wp\/v2\/pages\/608\/revisions\/4052"}],"wp:attachment":[{"href":"https:\/\/quillet.fr\/wp-json\/wp\/v2\/media?parent=608"}],"curies":[{"name":"wp","href":"https:\/\/api.w.org\/{rel}","templated":true}]}}