{"id":609,"date":"2025-05-31T14:23:20","date_gmt":"2025-05-31T12:23:20","guid":{"rendered":"http:\/\/dev.quillet.fr\/site\/services\/"},"modified":"2025-12-27T15:26:44","modified_gmt":"2025-12-27T14:26:44","slug":"atelier","status":"publish","type":"page","link":"https:\/\/quillet.fr\/en\/atelier\/","title":{"rendered":"The restauration workshop"},"content":{"rendered":"<div class=\"wpb-content-wrapper\"><div class=\"vc_row wpb_row vc_row-fluid\"><div class=\"wpb_column vc_column_container vc_col-sm-12\"><div class=\"vc_column-inner\"><div class=\"wpb_wrapper\"><h2 style=\"text-align: left;font-family:Abril Fatface;font-weight:400;font-style:normal\" class=\"vc_custom_heading vc_do_custom_heading\" >This is custom heading element<\/h2><h2 style=\"text-align: left;font-family:Abril Fatface;font-weight:400;font-style:normal\" class=\"vc_custom_heading vc_do_custom_heading\" >This is custom heading element<\/h2><\/div><\/div><\/div><\/div><div class=\"vc_row wpb_row vc_row-fluid\"><div class=\"wpb_column vc_column_container vc_col-sm-12\"><div class=\"vc_column-inner\"><div class=\"wpb_wrapper\"><h2 style=\"text-align: left;font-family:Abril Fatface;font-weight:400;font-style:normal\" class=\"vc_custom_heading vc_do_custom_heading\" >This is custom heading element<\/h2><div class=\"vc_row wpb_row vc_inner vc_row-fluid\"><div class=\"wpb_column vc_column_container vc_col-sm-3\"><div class=\"vc_column-inner\"><div class=\"wpb_wrapper\">\n\t<div  class=\"wpb_single_image wpb_content_element vc_align_center wpb_content_element\">\n\t\t\n\t\t<figure class=\"wpb_wrapper vc_figure\">\n\t\t\t<div class=\"vc_single_image-wrapper   vc_box_border_grey\"><img decoding=\"async\" class=\"vc_img-placeholder vc_single_image-img\" src=\"https:\/\/quillet.fr\/wp-content\/plugins\/uncode-js_composer\/assets\/vc\/no_image.png\" \/><\/div>\n\t\t<\/figure>\n\t<\/div>\n<\/div><\/div><\/div><div class=\"wpb_column vc_column_container vc_col-sm-3\"><div class=\"vc_column-inner\"><div class=\"wpb_wrapper\">\n\t<div  class=\"wpb_single_image wpb_content_element vc_align_center wpb_content_element\">\n\t\t\n\t\t<figure class=\"wpb_wrapper vc_figure\">\n\t\t\t<div class=\"vc_single_image-wrapper   vc_box_border_grey\"><img decoding=\"async\" class=\"vc_img-placeholder vc_single_image-img\" src=\"https:\/\/quillet.fr\/wp-content\/plugins\/uncode-js_composer\/assets\/vc\/no_image.png\" \/><\/div>\n\t\t<\/figure>\n\t<\/div>\n<\/div><\/div><\/div><div class=\"wpb_column vc_column_container vc_col-sm-3\"><div class=\"vc_column-inner\"><div class=\"wpb_wrapper\">\n\t<div  class=\"wpb_single_image wpb_content_element vc_align_center wpb_content_element\">\n\t\t\n\t\t<figure class=\"wpb_wrapper vc_figure\">\n\t\t\t<div class=\"vc_single_image-wrapper   vc_box_border_grey\"><img decoding=\"async\" class=\"vc_img-placeholder vc_single_image-img\" src=\"https:\/\/quillet.fr\/wp-content\/plugins\/uncode-js_composer\/assets\/vc\/no_image.png\" \/><\/div>\n\t\t<\/figure>\n\t<\/div>\n<\/div><\/div><\/div><div class=\"wpb_column vc_column_container vc_col-sm-3\"><div class=\"vc_column-inner\"><div class=\"wpb_wrapper\">\n\t<div  class=\"wpb_single_image wpb_content_element vc_align_center wpb_content_element\">\n\t\t\n\t\t<figure class=\"wpb_wrapper vc_figure\">\n\t\t\t<div class=\"vc_single_image-wrapper   vc_box_border_grey\"><img decoding=\"async\" class=\"vc_img-placeholder vc_single_image-img\" src=\"https:\/\/quillet.fr\/wp-content\/plugins\/uncode-js_composer\/assets\/vc\/no_image.png\" \/><\/div>\n\t\t<\/figure>\n\t<\/div>\n<\/div><\/div><\/div><\/div><\/div><\/div><\/div><\/div><div class=\"vc_row wpb_row vc_row-fluid\"><div class=\"wpb_column vc_column_container vc_col-sm-4\"><div class=\"vc_column-inner\"><div class=\"wpb_wrapper\">\n\t<div  class=\"wpb_single_image wpb_content_element vc_align_left wpb_content_element\">\n\t\t\n\t\t<figure class=\"wpb_wrapper vc_figure\">\n\t\t\t<div class=\"vc_single_image-wrapper   vc_box_border_grey\"><img decoding=\"async\" class=\"vc_img-placeholder vc_single_image-img\" src=\"https:\/\/quillet.fr\/wp-content\/plugins\/uncode-js_composer\/assets\/vc\/no_image.png\" \/><\/div>\n\t\t<\/figure>\n\t<\/div>\n<\/div><\/div><\/div><div class=\"wpb_column vc_column_container vc_col-sm-8\"><div class=\"vc_column-inner\"><div class=\"wpb_wrapper\"><h2 style=\"text-align: left;font-family:Abril Fatface;font-weight:400;font-style:normal\" class=\"vc_custom_heading vc_do_custom_heading\" >This is custom heading element<\/h2>\n\t<div class=\"wpb_text_column wpb_content_element\" >\n\t\t<div class=\"wpb_wrapper\">\n\t\t\t<p>Founded in 1987, the 1,700 m\u00b2 Atelier Quillet is entirely dedicated to the art of restoration and bookbinding. It is a veritable institution in the field of preserving historical, ancient and contemporary documents. Located in the heart of a place steeped in heritage and expertise, the workshop is a haven of meticulous work where tradition and innovation come together. The workshop was first awarded the Living Heritage Company label in 2007.<\/p>\n<p>The team of 40 professionals is passionate and highly qualified. It specialises in a variety of advanced techniques for the restoration and conservation of all types of documents. Each of our restorers and bookbinders brings unique expertise, ranging from the restoration of ancient manuscripts to work on modern books, from administrative archives to private collections.<\/p>\n\n\t\t<\/div>\n\t<\/div>\n<\/div><\/div><\/div><\/div><div class=\"vc_row wpb_row vc_row-fluid\"><div class=\"wpb_column vc_column_container vc_col-sm-12\"><div class=\"vc_column-inner\"><div class=\"wpb_wrapper\"><h2 style=\"text-align: left;font-family:Abril Fatface;font-weight:400;font-style:normal\" class=\"vc_custom_heading vc_do_custom_heading\" >This is custom heading element<\/h2>\n\t<div class=\"wpb_text_column wpb_content_element\" >\n\t\t<div class=\"wpb_wrapper\">\n\t\t\t<p>For over 35 years, Atelier Quillet has been applying its expertise to the conservation of written and graphic heritage. Specialising in the restoration of ancient and precious documents, our workshop works on a wide variety of media.<\/p>\n<p>Each operation is carried out in accordance with conservation standards, following strict specifications that guarantee the reversibility of treatments and the chemical neutrality of the materials used. This approach stabilises the document while preserving its historical integrity and legibility as much as possible.<\/p>\n\n\t\t<\/div>\n\t<\/div>\n<div class=\"vc_row wpb_row vc_inner vc_row-fluid\"><div class=\"wpb_column vc_column_container vc_col-sm-4\"><div class=\"vc_column-inner\"><div class=\"wpb_wrapper\">\n\t<div  class=\"wpb_single_image wpb_content_element vc_align_left wpb_content_element\">\n\t\t\n\t\t<figure class=\"wpb_wrapper vc_figure\">\n\t\t\t<div class=\"vc_single_image-wrapper   vc_box_border_grey\"><img decoding=\"async\" class=\"vc_img-placeholder vc_single_image-img\" src=\"https:\/\/quillet.fr\/wp-content\/plugins\/uncode-js_composer\/assets\/vc\/no_image.png\" \/><\/div>\n\t\t<\/figure>\n\t<\/div>\n<h2 style=\"text-align: left;font-family:Abril Fatface;font-weight:400;font-style:normal\" class=\"vc_custom_heading vc_do_custom_heading\" >This is custom heading element<\/h2><\/div><\/div><\/div><div class=\"wpb_column vc_column_container vc_col-sm-4\"><div class=\"vc_column-inner\"><div class=\"wpb_wrapper\">\n\t<div  class=\"wpb_single_image wpb_content_element vc_align_left wpb_content_element\">\n\t\t\n\t\t<figure class=\"wpb_wrapper vc_figure\">\n\t\t\t<div class=\"vc_single_image-wrapper   vc_box_border_grey\"><img decoding=\"async\" class=\"vc_img-placeholder vc_single_image-img\" src=\"https:\/\/quillet.fr\/wp-content\/plugins\/uncode-js_composer\/assets\/vc\/no_image.png\" \/><\/div>\n\t\t<\/figure>\n\t<\/div>\n<h2 style=\"text-align: left;font-family:Abril Fatface;font-weight:400;font-style:normal\" class=\"vc_custom_heading vc_do_custom_heading\" >This is custom heading element<\/h2><\/div><\/div><\/div><div class=\"wpb_column vc_column_container vc_col-sm-4\"><div class=\"vc_column-inner\"><div class=\"wpb_wrapper\">\n\t<div  class=\"wpb_single_image wpb_content_element vc_align_left wpb_content_element\">\n\t\t\n\t\t<figure class=\"wpb_wrapper vc_figure\">\n\t\t\t<div class=\"vc_single_image-wrapper   vc_box_border_grey\"><img decoding=\"async\" class=\"vc_img-placeholder vc_single_image-img\" src=\"https:\/\/quillet.fr\/wp-content\/plugins\/uncode-js_composer\/assets\/vc\/no_image.png\" \/><\/div>\n\t\t<\/figure>\n\t<\/div>\n<h2 style=\"text-align: left;font-family:Abril Fatface;font-weight:400;font-style:normal\" class=\"vc_custom_heading vc_do_custom_heading\" >This is custom heading element<\/h2><\/div><\/div><\/div><\/div><\/div><\/div><\/div><\/div><div class=\"vc_row wpb_row vc_row-fluid\"><div class=\"wpb_column vc_column_container vc_col-sm-12\"><div class=\"vc_column-inner\"><div class=\"wpb_wrapper\"><h2 style=\"text-align: left;font-family:Abril Fatface;font-weight:400;font-style:normal\" class=\"vc_custom_heading vc_do_custom_heading\" >This is custom heading element<\/h2><h2 style=\"text-align: left;font-family:Abril Fatface;font-weight:400;font-style:normal\" class=\"vc_custom_heading vc_do_custom_heading\" >This is custom heading element<\/h2><div class=\"vc_row wpb_row vc_inner vc_row-fluid\"><div class=\"wpb_column vc_column_container vc_col-sm-6\"><div class=\"vc_column-inner\"><div class=\"wpb_wrapper\"><h2 style=\"text-align: left;font-family:Abril Fatface;font-weight:400;font-style:normal\" class=\"vc_custom_heading vc_do_custom_heading\" >This is custom heading element<\/h2>\n\t<div class=\"wpb_text_column wpb_content_element\" >\n\t\t<div class=\"wpb_wrapper\">\n\t\t\t<p>We welcome you to our bookshop to collect your documents and analyse the work to be done.<\/p>\n<p>From binding your writings to restoring your books, posters, prints, tracings, parchment, etc., we will advise you on the steps necessary to showcase and preserve your documents.<\/p>\n<p>Take advantage of a visit to the bookshop or, better still, book a guided tour of the workshop to benefit from our expertise.<\/p>\n\n\t\t<\/div>\n\t<\/div>\n<button class=\"wpb_button  wpb_wpb_button wpb_regularsize\">Text on the button<\/button><\/div><\/div><\/div><div class=\"wpb_column vc_column_container vc_col-sm-6\"><div class=\"vc_column-inner\"><div class=\"wpb_wrapper\"><h2 style=\"text-align: left;font-family:Abril Fatface;font-weight:400;font-style:normal\" class=\"vc_custom_heading vc_do_custom_heading\" >This is custom heading element<\/h2>\n\t<div class=\"wpb_text_column wpb_content_element\" >\n\t\t<div class=\"wpb_wrapper\">\n\t\t\t<p>Our sales engineers travel throughout the United Kingdom to assist you and are available to listen to your requirements, analyse your needs and review your documentation.<\/p>\n<p>We transport your orders to our workshop, guaranteeing the security and confidentiality of deeds, cadastral plans, parchments and any other documents you entrust to us for restoration.<\/p>\n\n\t\t<\/div>\n\t<\/div>\n<button class=\"wpb_button  wpb_wpb_button wpb_regularsize\">Text on the button<\/button><\/div><\/div><\/div><\/div><\/div><\/div><\/div><\/div>\n<\/div>","protected":false},"excerpt":{"rendered":"This is custom heading elementThis is custom heading elementThis is custom heading element This is custom heading element Cr\u00e9\u00e9 en 1987 , l\u2019Atelier Quillet, de 1700 m\u00b2, est enti\u00e8rement d\u00e9di\u00e9 \u00e0 l\u2019art de la restauration et de la reliure. C\u2019est une v\u00e9ritable institution dans le domaine de la pr\u00e9servation des documents historiques, anciens et contemporains. [...]","protected":false},"author":1,"featured_media":0,"parent":0,"menu_order":0,"comment_status":"closed","ping_status":"closed","template":"","meta":{"footnotes":""},"class_list":["post-609","page","type-page","status-publish","hentry"],"_links":{"self":[{"href":"https:\/\/quillet.fr\/en\/wp-json\/wp\/v2\/pages\/609","targetHints":{"allow":["GET"]}}],"collection":[{"href":"https:\/\/quillet.fr\/en\/wp-json\/wp\/v2\/pages"}],"about":[{"href":"https:\/\/quillet.fr\/en\/wp-json\/wp\/v2\/types\/page"}],"author":[{"embeddable":true,"href":"https:\/\/quillet.fr\/en\/wp-json\/wp\/v2\/users\/1"}],"replies":[{"embeddable":true,"href":"https:\/\/quillet.fr\/en\/wp-json\/wp\/v2\/comments?post=609"}],"version-history":[{"count":47,"href":"https:\/\/quillet.fr\/en\/wp-json\/wp\/v2\/pages\/609\/revisions"}],"predecessor-version":[{"id":2332,"href":"https:\/\/quillet.fr\/en\/wp-json\/wp\/v2\/pages\/609\/revisions\/2332"}],"wp:attachment":[{"href":"https:\/\/quillet.fr\/en\/wp-json\/wp\/v2\/media?parent=609"}],"curies":[{"name":"wp","href":"https:\/\/api.w.org\/{rel}","templated":true}]}}