{"id":811,"date":"2025-06-07T16:06:03","date_gmt":"2025-06-07T14:06:03","guid":{"rendered":"https:\/\/dev.quillet.fr\/?page_id=811"},"modified":"2025-12-27T15:26:46","modified_gmt":"2025-12-27T14:26:46","slug":"librairie-et-atelier-quillet","status":"publish","type":"page","link":"https:\/\/quillet.fr\/en\/librairie-et-atelier-quillet\/","title":{"rendered":"Librairie et Atelier Quillet"},"content":{"rendered":"<div class=\"wpb-content-wrapper\"><div class=\"vc_row wpb_row vc_row-fluid\"><div class=\"wpb_column vc_column_container vc_col-sm-12\"><div class=\"vc_column-inner\"><div class=\"wpb_wrapper\"><h2 style=\"text-align: left;font-family:Abril Fatface;font-weight:400;font-style:normal\" class=\"vc_custom_heading vc_do_custom_heading\" >This is custom heading element<\/h2><h2 style=\"text-align: left;font-family:Abril Fatface;font-weight:400;font-style:normal\" class=\"vc_custom_heading vc_do_custom_heading\" >This is custom heading element<\/h2><\/div><\/div><\/div><\/div><div class=\"vc_row wpb_row vc_row-fluid\"><div class=\"wpb_animate_when_almost_visible wpb_bottom-t-top bottom-t-top wpb_column vc_column_container vc_col-sm-4\"><div class=\"vc_column-inner\"><div class=\"wpb_wrapper\">\n\t<div  class=\"wpb_single_image wpb_content_element vc_align_left wpb_content_element  zoom-hover\">\n\t\t\n\t\t<figure class=\"wpb_wrapper vc_figure\">\n\t\t\t<div class=\"vc_single_image-wrapper   vc_box_border_grey\"><img decoding=\"async\" class=\"vc_img-placeholder vc_single_image-img\" src=\"https:\/\/quillet.fr\/wp-content\/plugins\/uncode-js_composer\/assets\/vc\/no_image.png\" \/><\/div>\n\t\t<\/figure>\n\t<\/div>\n<h2 style=\"text-align: left;font-family:Abril Fatface;font-weight:400;font-style:normal\" class=\"vc_custom_heading vc_do_custom_heading\" >This is custom heading element<\/h2><\/div><\/div><\/div><div class=\"wpb_animate_when_almost_visible wpb_bottom-t-top bottom-t-top wpb_column vc_column_container vc_col-sm-4\"><div class=\"vc_column-inner\"><div class=\"wpb_wrapper\">\n\t<div  class=\"wpb_single_image wpb_content_element vc_align_left wpb_content_element  zoom-hover\">\n\t\t\n\t\t<figure class=\"wpb_wrapper vc_figure\">\n\t\t\t<div class=\"vc_single_image-wrapper   vc_box_border_grey\"><img decoding=\"async\" class=\"vc_img-placeholder vc_single_image-img\" src=\"https:\/\/quillet.fr\/wp-content\/plugins\/uncode-js_composer\/assets\/vc\/no_image.png\" \/><\/div>\n\t\t<\/figure>\n\t<\/div>\n<h2 style=\"text-align: left;font-family:Abril Fatface;font-weight:400;font-style:normal\" class=\"vc_custom_heading vc_do_custom_heading\" >This is custom heading element<\/h2><\/div><\/div><\/div><div class=\"wpb_animate_when_almost_visible wpb_bottom-t-top bottom-t-top wpb_column vc_column_container vc_col-sm-4\"><div class=\"vc_column-inner\"><div class=\"wpb_wrapper\">\n\t<div  class=\"wpb_single_image wpb_content_element vc_align_left wpb_content_element  zoom-hover\">\n\t\t\n\t\t<figure class=\"wpb_wrapper vc_figure\">\n\t\t\t<div class=\"vc_single_image-wrapper   vc_box_border_grey\"><img decoding=\"async\" class=\"vc_img-placeholder vc_single_image-img\" src=\"https:\/\/quillet.fr\/wp-content\/plugins\/uncode-js_composer\/assets\/vc\/no_image.png\" \/><\/div>\n\t\t<\/figure>\n\t<\/div>\n<h2 style=\"text-align: left;font-family:Abril Fatface;font-weight:400;font-style:normal\" class=\"vc_custom_heading vc_do_custom_heading\" >This is custom heading element<\/h2><\/div><\/div><\/div><\/div><div class=\"vc_row wpb_row vc_row-fluid\"><div class=\"wpb_animate_when_almost_visible wpb_bottom-t-top bottom-t-top wpb_column vc_column_container vc_col-sm-6\"><div class=\"vc_column-inner\"><div class=\"wpb_wrapper\"><h2 style=\"text-align: left;font-family:Abril Fatface;font-weight:400;font-style:normal\" class=\"vc_custom_heading vc_do_custom_heading\" >This is custom heading element<\/h2><div class=\"vc_row wpb_row vc_inner vc_row-fluid\"><div class=\"zoom-hover wpb_column vc_column_container vc_col-sm-6\"><div class=\"vc_column-inner\"><div class=\"wpb_wrapper\"><h2 style=\"text-align: left;font-family:Abril Fatface;font-weight:400;font-style:normal\" class=\"vc_custom_heading vc_do_custom_heading\" >This is custom heading element<\/h2><button class=\"wpb_button  wpb_wpb_button wpb_regularsize fa fa-book-open\">Text on the button <i class=\"icon\"> <\/i><\/button><\/div><\/div><\/div><\/div><\/div><\/div><\/div><div class=\"wpb_column vc_column_container vc_col-sm-6\"><div class=\"vc_column-inner\"><div class=\"wpb_wrapper\"><h2 style=\"text-align: left;font-family:Abril Fatface;font-weight:400;font-style:normal\" class=\"vc_custom_heading vc_do_custom_heading\" >This is custom heading element<\/h2><div class=\"vc_row wpb_row vc_inner vc_row-fluid\"><div class=\"zoom-hover wpb_column vc_column_container vc_col-sm-6\"><div class=\"vc_column-inner\"><div class=\"wpb_wrapper\"><h2 style=\"text-align: left;font-family:Abril Fatface;font-weight:400;font-style:normal\" class=\"vc_custom_heading vc_do_custom_heading\" >This is custom heading element<\/h2><button class=\"wpb_button  wpb_wpb_button wpb_regularsize fa fa-shopping-basket\">Text on the button <i class=\"icon\"> <\/i><\/button><\/div><\/div><\/div><\/div><\/div><\/div><\/div><\/div><div class=\"vc_row wpb_row vc_row-fluid\"><div class=\"wpb_animate_when_almost_visible wpb_bottom-t-top bottom-t-top wpb_column vc_column_container vc_col-sm-12\"><div class=\"vc_column-inner\"><div class=\"wpb_wrapper\"><h2 style=\"text-align: left;font-family:Abril Fatface;font-weight:400;font-style:normal\" class=\"vc_custom_heading vc_do_custom_heading\" >This is custom heading element<\/h2><div class=\"vc_row wpb_row vc_inner vc_row-fluid\"><div class=\"wpb_column vc_column_container vc_col-sm-12\"><div class=\"vc_column-inner\"><div class=\"wpb_wrapper\">[uncode_index el_id=\u00a0\u00bbindex-191289&Prime; isotope_mode=\u00a0\u00bbcellsByRow\u00a0\u00bb loop=\u00a0\u00bbsize:3|order_by:menu_order|post_type:post|categories:2,31,32|taxonomy_count:10&Prime; screen_lg=\u00a0\u00bb1000&Prime; screen_md=\u00a0\u00bb600&Prime; screen_sm=\u00a0\u00bb480&Prime; gutter_size=\u00a0\u00bb3&Prime; post_items=\u00a0\u00bbmedia|featured|onpost|original,title|-,date,link|default|default_size|scale_mobile|default_width|default_outline|En savoir plus&#8230;\u00a0\u00bb images_size=\u00a0\u00bbone-one\u00a0\u00bb single_overlay_opacity=\u00a0\u00bb50&Prime; single_padding=\u00a0\u00bb2&Prime; uncode_shortcode_id=\u00a0\u00bb200359&Prime;]<\/div><\/div><\/div><\/div><\/div><\/div><\/div><\/div><div class=\"vc_row wpb_row vc_row-fluid\"><div class=\"wpb_animate_when_almost_visible wpb_bottom-t-top bottom-t-top wpb_column vc_column_container vc_col-sm-12\"><div class=\"vc_column-inner\"><div class=\"wpb_wrapper\">\n\t<div  class=\"wpb_single_image wpb_content_element vc_align_center wpb_content_element\">\n\t\t\n\t\t<figure class=\"wpb_wrapper vc_figure\">\n\t\t\t<div class=\"vc_single_image-wrapper   vc_box_border_grey\"><img decoding=\"async\" class=\"vc_img-placeholder vc_single_image-img\" src=\"https:\/\/quillet.fr\/wp-content\/plugins\/uncode-js_composer\/assets\/vc\/no_image.png\" \/><\/div>\n\t\t<\/figure>\n\t<\/div>\n<h2 style=\"text-align: left;font-family:Abril Fatface;font-weight:400;font-style:normal\" class=\"vc_custom_heading vc_do_custom_heading\" >This is custom heading element<\/h2>\n\t<div class=\"wpb_text_column wpb_content_element\" >\n\t\t<div class=\"wpb_wrapper\">\n\t\t\t<p><em>Passionn\u00e9 d\u2019affiches et de livres anciens, c\u2019est en 1987 que Lionel Quillet cr\u00e9\u00e9 son entreprise, sp\u00e9cialis\u00e9e la conservation, la restauration et la reliure de documents anciens, depuis lors labellis\u00e9e \u00ab Entreprise du Patrimoine Vivant \u00bb.<\/em><br \/>\nDe cet engagement, Lionel Quillet \u00e0 \u00e9t\u00e9 promu au grade de Chevalier de l\u2019ordre de la L\u00e9gion d\u2019honneur, par le Minist\u00e8re de la Culture.<\/p>\n\n\t\t<\/div>\n\t<\/div>\n<button class=\"wpb_button  wpb_wpb_button wpb_regularsize\">Text on the button<\/button><\/div><\/div><\/div><\/div>\n<\/div>","protected":false},"excerpt":{"rendered":"This is custom heading elementThis is custom heading element This is custom heading element This is custom heading element This is custom heading elementThis is custom heading elementThis is custom heading elementText on the button This is custom heading elementThis is custom heading elementText on the button This is custom heading element[uncode_index el_id=\"index-191289\" isotope_mode=\"cellsByRow\" loop=\"size:3|order_by:menu_order|post_type:post|categories:2,31,32|taxonomy_count:10\" [...]","protected":false},"author":1,"featured_media":0,"parent":0,"menu_order":0,"comment_status":"closed","ping_status":"closed","template":"","meta":{"footnotes":""},"class_list":["post-811","page","type-page","status-publish","hentry"],"_links":{"self":[{"href":"https:\/\/quillet.fr\/en\/wp-json\/wp\/v2\/pages\/811","targetHints":{"allow":["GET"]}}],"collection":[{"href":"https:\/\/quillet.fr\/en\/wp-json\/wp\/v2\/pages"}],"about":[{"href":"https:\/\/quillet.fr\/en\/wp-json\/wp\/v2\/types\/page"}],"author":[{"embeddable":true,"href":"https:\/\/quillet.fr\/en\/wp-json\/wp\/v2\/users\/1"}],"replies":[{"embeddable":true,"href":"https:\/\/quillet.fr\/en\/wp-json\/wp\/v2\/comments?post=811"}],"version-history":[{"count":144,"href":"https:\/\/quillet.fr\/en\/wp-json\/wp\/v2\/pages\/811\/revisions"}],"predecessor-version":[{"id":2497,"href":"https:\/\/quillet.fr\/en\/wp-json\/wp\/v2\/pages\/811\/revisions\/2497"}],"wp:attachment":[{"href":"https:\/\/quillet.fr\/en\/wp-json\/wp\/v2\/media?parent=811"}],"curies":[{"name":"wp","href":"https:\/\/api.w.org\/{rel}","templated":true}]}}