{"id":2516,"date":"2025-12-13T15:51:36","date_gmt":"2025-12-13T14:51:36","guid":{"rendered":"https:\/\/dev.quillet.fr\/?post_type=product&#038;p=2516"},"modified":"2026-01-18T15:24:49","modified_gmt":"2026-01-18T14:24:49","slug":"federation-nationale-des-deportes-anonyme-1962","status":"publish","type":"product","link":"https:\/\/quillet.fr\/en\/boutique\/affiches-anciennes\/politique\/federation-nationale-des-deportes-anonyme-1962\/","title":{"rendered":"F\u00e9d\u00e9ration Nationale des D\u00e9port\u00e9s \u2013 Anonyme \u2013 1962"},"content":{"rendered":"","protected":false},"excerpt":{"rendered":"<p><strong>OffSet &#8211; 1962 -57.20 x 77.30 cm<\/strong><\/p>\n<p><strong>Etat :<\/strong> A<\/p>","protected":false},"featured_media":2517,"comment_status":"open","ping_status":"closed","template":"","meta":[],"product_brand":[],"product_cat":[69,139],"product_tag":[],"class_list":{"0":"post-2516","1":"product","2":"type-product","3":"status-publish","4":"has-post-thumbnail","6":"product_cat-affiches-anciennes","7":"product_cat-politique","9":"first","10":"instock","11":"sold-individually","12":"shipping-taxable","13":"purchasable","14":"product-type-simple"},"_links":{"self":[{"href":"https:\/\/quillet.fr\/en\/wp-json\/wp\/v2\/product\/2516","targetHints":{"allow":["GET"]}}],"collection":[{"href":"https:\/\/quillet.fr\/en\/wp-json\/wp\/v2\/product"}],"about":[{"href":"https:\/\/quillet.fr\/en\/wp-json\/wp\/v2\/types\/product"}],"replies":[{"embeddable":true,"href":"https:\/\/quillet.fr\/en\/wp-json\/wp\/v2\/comments?post=2516"}],"wp:featuredmedia":[{"embeddable":true,"href":"https:\/\/quillet.fr\/en\/wp-json\/wp\/v2\/media\/2517"}],"wp:attachment":[{"href":"https:\/\/quillet.fr\/en\/wp-json\/wp\/v2\/media?parent=2516"}],"wp:term":[{"taxonomy":"product_brand","embeddable":true,"href":"https:\/\/quillet.fr\/en\/wp-json\/wp\/v2\/product_brand?post=2516"},{"taxonomy":"product_cat","embeddable":true,"href":"https:\/\/quillet.fr\/en\/wp-json\/wp\/v2\/product_cat?post=2516"},{"taxonomy":"product_tag","embeddable":true,"href":"https:\/\/quillet.fr\/en\/wp-json\/wp\/v2\/product_tag?post=2516"}],"curies":[{"name":"wp","href":"https:\/\/api.w.org\/{rel}","templated":true}]}}