{"id":2709,"date":"2025-12-17T17:24:36","date_gmt":"2025-12-17T16:24:36","guid":{"rendered":"https:\/\/dev.quillet.fr\/?post_type=product&#038;p=2709"},"modified":"2026-02-04T08:48:57","modified_gmt":"2026-02-04T07:48:57","slug":"calmettes-au-musee-de-lathenee-calmettes-1961","status":"publish","type":"product","link":"https:\/\/quillet.fr\/en\/boutique\/affiches-anciennes\/affiches-publicitaires\/calmettes-au-musee-de-lathenee-calmettes-1961\/","title":{"rendered":"Calmettes au Mus\u00e9e de L&rsquo;Ath\u00e9n\u00e9e \u2013 Calmettes \u2013 1961"},"content":{"rendered":"","protected":false},"excerpt":{"rendered":"<p><strong>Lithographie &#8211; 1961 &#8211; 52 x 72.5 cm<\/strong><\/p>\n<p><strong>Etat :<\/strong> A+<\/p>","protected":false},"featured_media":2710,"comment_status":"open","ping_status":"closed","template":"","meta":[],"product_brand":[],"product_cat":[69,78],"product_tag":[],"class_list":{"0":"post-2709","1":"product","2":"type-product","3":"status-publish","4":"has-post-thumbnail","6":"product_cat-affiches-anciennes","7":"product_cat-affiches-publicitaires","9":"first","10":"outofstock","11":"sold-individually","12":"shipping-taxable","13":"purchasable","14":"product-type-simple"},"_links":{"self":[{"href":"https:\/\/quillet.fr\/en\/wp-json\/wp\/v2\/product\/2709","targetHints":{"allow":["GET"]}}],"collection":[{"href":"https:\/\/quillet.fr\/en\/wp-json\/wp\/v2\/product"}],"about":[{"href":"https:\/\/quillet.fr\/en\/wp-json\/wp\/v2\/types\/product"}],"replies":[{"embeddable":true,"href":"https:\/\/quillet.fr\/en\/wp-json\/wp\/v2\/comments?post=2709"}],"wp:featuredmedia":[{"embeddable":true,"href":"https:\/\/quillet.fr\/en\/wp-json\/wp\/v2\/media\/2710"}],"wp:attachment":[{"href":"https:\/\/quillet.fr\/en\/wp-json\/wp\/v2\/media?parent=2709"}],"wp:term":[{"taxonomy":"product_brand","embeddable":true,"href":"https:\/\/quillet.fr\/en\/wp-json\/wp\/v2\/product_brand?post=2709"},{"taxonomy":"product_cat","embeddable":true,"href":"https:\/\/quillet.fr\/en\/wp-json\/wp\/v2\/product_cat?post=2709"},{"taxonomy":"product_tag","embeddable":true,"href":"https:\/\/quillet.fr\/en\/wp-json\/wp\/v2\/product_tag?post=2709"}],"curies":[{"name":"wp","href":"https:\/\/api.w.org\/{rel}","templated":true}]}}