{"id":3366,"date":"2026-02-12T16:31:07","date_gmt":"2026-02-12T15:31:07","guid":{"rendered":"https:\/\/dev.quillet.fr\/boutique\/non%20class\u00e9\/andre-planson-a-la-galerie-andre-weil-affiche-expo-litho-mourlot-1970\/"},"modified":"2026-02-12T16:31:07","modified_gmt":"2026-02-12T15:31:07","slug":"andre-planson-a-la-galerie-andre-weil-affiche-expo-litho-mourlot-1970","status":"publish","type":"product","link":"https:\/\/quillet.fr\/en\/boutique\/affiches-anciennes\/beaux-arts\/andre-planson-a-la-galerie-andre-weil-affiche-expo-litho-mourlot-1970\/","title":{"rendered":"Andr\u00e9 Planson \u00e0 la Galerie Andr\u00e9 Weil \u2013 Affiche Expo Litho Mourlot 1970"},"content":{"rendered":"","protected":false},"excerpt":{"rendered":"<p><strong>Lithographie &#8211; 1970 &#8211; 46 x 73.5 cm<\/strong><\/p>\n<p><strong>\u00c9tat :<\/strong> A<\/p>","protected":false},"featured_media":3365,"comment_status":"open","ping_status":"closed","template":"","meta":[],"product_brand":[],"product_cat":[69,152],"product_tag":[],"class_list":{"0":"post-3366","1":"product","2":"type-product","3":"status-publish","4":"has-post-thumbnail","6":"product_cat-affiches-anciennes","7":"product_cat-beaux-arts","9":"first","10":"instock","11":"shipping-taxable","12":"purchasable","13":"product-type-simple"},"_links":{"self":[{"href":"https:\/\/quillet.fr\/en\/wp-json\/wp\/v2\/product\/3366","targetHints":{"allow":["GET"]}}],"collection":[{"href":"https:\/\/quillet.fr\/en\/wp-json\/wp\/v2\/product"}],"about":[{"href":"https:\/\/quillet.fr\/en\/wp-json\/wp\/v2\/types\/product"}],"replies":[{"embeddable":true,"href":"https:\/\/quillet.fr\/en\/wp-json\/wp\/v2\/comments?post=3366"}],"wp:featuredmedia":[{"embeddable":true,"href":"https:\/\/quillet.fr\/en\/wp-json\/wp\/v2\/media\/3365"}],"wp:attachment":[{"href":"https:\/\/quillet.fr\/en\/wp-json\/wp\/v2\/media?parent=3366"}],"wp:term":[{"taxonomy":"product_brand","embeddable":true,"href":"https:\/\/quillet.fr\/en\/wp-json\/wp\/v2\/product_brand?post=3366"},{"taxonomy":"product_cat","embeddable":true,"href":"https:\/\/quillet.fr\/en\/wp-json\/wp\/v2\/product_cat?post=3366"},{"taxonomy":"product_tag","embeddable":true,"href":"https:\/\/quillet.fr\/en\/wp-json\/wp\/v2\/product_tag?post=3366"}],"curies":[{"name":"wp","href":"https:\/\/api.w.org\/{rel}","templated":true}]}}